{"id":12,"date":"2020-03-22T17:10:06","date_gmt":"2020-03-22T17:10:06","guid":{"rendered":"http:\/\/jfcwatches.com\/?page_id=12"},"modified":"2022-12-31T17:07:04","modified_gmt":"2022-12-31T17:07:04","slug":"s1-1","status":"publish","type":"page","link":"https:\/\/jfcwatches.com\/?page_id=12","title":{"rendered":"S1.1"},"content":{"rendered":"\n<h2 class=\"has-text-align-center wp-block-heading\">Die S1.1 &#8211; Zeitloses Design in Edelstahl<\/h2>\n\n\n\n<div style=\"height:40px\" aria-hidden=\"true\" class=\"wp-block-spacer\"><\/div>\n\n\n\n<div class=\"wp-block-columns are-vertically-aligned-center is-layout-flex wp-container-core-columns-is-layout-9d6595d7 wp-block-columns-is-layout-flex\">\n<div class=\"wp-block-column is-vertically-aligned-center is-layout-flow wp-block-column-is-layout-flow\">\n<p class=\"has-text-align-center\"> Das <strong>dreiteilige Geh\u00e4use<\/strong> ist achtfach verschraubt, wasserdicht und resistent gegen\u00fcber extremen Umwelteinfl\u00fcssen. Das hochwertige <strong>Zifferblatt <\/strong>wird durch <strong>Saphir-Glas<\/strong> gesch\u00fctzt und kann nach Ihren eigenen Vorstellungen gestaltet werden. <\/p>\n<\/div>\n\n\n\n<div class=\"wp-block-column is-vertically-aligned-center is-layout-flow wp-block-column-is-layout-flow\"><div class=\"wp-block-image is-style-rounded\">\n<figure class=\"aligncenter size-large is-resized\"><img loading=\"lazy\" decoding=\"async\" src=\"https:\/\/jfcwatches.com\/wp-content\/uploads\/2022\/01\/JFC_S11-Top-Detail-1536x768-6-edited.jpg\" alt=\"\" class=\"wp-image-824\" width=\"400\" height=\"400\" srcset=\"https:\/\/jfcwatches.com\/wp-content\/uploads\/2022\/01\/JFC_S11-Top-Detail-1536x768-6-edited.jpg 767w, https:\/\/jfcwatches.com\/wp-content\/uploads\/2022\/01\/JFC_S11-Top-Detail-1536x768-6-edited-300x300.jpg 300w, https:\/\/jfcwatches.com\/wp-content\/uploads\/2022\/01\/JFC_S11-Top-Detail-1536x768-6-edited-150x150.jpg 150w, https:\/\/jfcwatches.com\/wp-content\/uploads\/2022\/01\/JFC_S11-Top-Detail-1536x768-6-edited-200x200.jpg 200w\" sizes=\"auto, (max-width: 400px) 100vw, 400px\" \/><\/figure>\n<\/div><\/div>\n<\/div>\n\n\n\n<div style=\"height:50px\" aria-hidden=\"true\" class=\"wp-block-spacer\"><\/div>\n\n\n\n<div class=\"wp-block-columns are-vertically-aligned-center is-layout-flex wp-container-core-columns-is-layout-9d6595d7 wp-block-columns-is-layout-flex\">\n<div class=\"wp-block-column is-vertically-aligned-center is-layout-flow wp-block-column-is-layout-flow\">\n<p class=\"has-text-align-center\"> Nur was zuverl\u00e4ssig ist, darf in einer <strong>JFC-Watch<\/strong> verbaut werden. Deshalb setzen wir <strong>Schweizer Automatik-Laufwerke<\/strong> ein, die sich millionenfach, \u00fcber Jahrzehnte, bew\u00e4hrt haben. Das <strong>ETA 2824-2<\/strong> ist das optimale Triebwerk f\u00fcr unsere JFC-Watch, denn unsere Uhren sollen \u00fcber viele Jahre hinweg zuverl\u00e4ssige Begleiter sein. <\/p>\n<\/div>\n\n\n\n<div class=\"wp-block-column is-vertically-aligned-center is-layout-flow wp-block-column-is-layout-flow\"><div class=\"wp-block-image is-style-rounded\">\n<figure class=\"aligncenter size-full\"><img loading=\"lazy\" decoding=\"async\" width=\"635\" height=\"636\" src=\"https:\/\/jfcwatches.com\/wp-content\/uploads\/2022\/01\/JFC-S11_Detail1-1024x636-4-edited.jpg\" alt=\"\" class=\"wp-image-828\" srcset=\"https:\/\/jfcwatches.com\/wp-content\/uploads\/2022\/01\/JFC-S11_Detail1-1024x636-4-edited.jpg 635w, https:\/\/jfcwatches.com\/wp-content\/uploads\/2022\/01\/JFC-S11_Detail1-1024x636-4-edited-300x300.jpg 300w, https:\/\/jfcwatches.com\/wp-content\/uploads\/2022\/01\/JFC-S11_Detail1-1024x636-4-edited-150x150.jpg 150w, https:\/\/jfcwatches.com\/wp-content\/uploads\/2022\/01\/JFC-S11_Detail1-1024x636-4-edited-200x200.jpg 200w\" sizes=\"auto, (max-width: 635px) 100vw, 635px\" \/><\/figure>\n<\/div><\/div>\n<\/div>\n\n\n\n<div style=\"height:50px\" aria-hidden=\"true\" class=\"wp-block-spacer\"><\/div>\n\n\n<div class=\"wp-block-image\">\n<figure class=\"aligncenter size-large\"><img loading=\"lazy\" decoding=\"async\" width=\"1024\" height=\"512\" src=\"https:\/\/jfcwatches.com\/wp-content\/uploads\/2022\/01\/JFC_S11-Top-1-1536x768-3-1024x512.jpg\" alt=\"\" class=\"wp-image-788\" srcset=\"https:\/\/jfcwatches.com\/wp-content\/uploads\/2022\/01\/JFC_S11-Top-1-1536x768-3-1024x512.jpg 1024w, https:\/\/jfcwatches.com\/wp-content\/uploads\/2022\/01\/JFC_S11-Top-1-1536x768-3-300x150.jpg 300w, https:\/\/jfcwatches.com\/wp-content\/uploads\/2022\/01\/JFC_S11-Top-1-1536x768-3-768x384.jpg 768w, https:\/\/jfcwatches.com\/wp-content\/uploads\/2022\/01\/JFC_S11-Top-1-1536x768-3-400x200.jpg 400w, https:\/\/jfcwatches.com\/wp-content\/uploads\/2022\/01\/JFC_S11-Top-1-1536x768-3.jpg 1536w\" sizes=\"auto, (max-width: 1024px) 100vw, 1024px\" \/><\/figure>\n<\/div>\n\n\n<div style=\"height:50px\" aria-hidden=\"true\" class=\"wp-block-spacer\"><\/div>\n\n\n\n<div class=\"wp-block-columns is-layout-flex wp-container-core-columns-is-layout-9d6595d7 wp-block-columns-is-layout-flex\">\n<div class=\"wp-block-column is-layout-flow wp-block-column-is-layout-flow\" style=\"flex-basis:100%\"><div class=\"wp-block-image\">\n<figure class=\"aligncenter size-large\"><img loading=\"lazy\" decoding=\"async\" width=\"1024\" height=\"557\" src=\"https:\/\/jfcwatches.com\/wp-content\/uploads\/2022\/12\/S11_Kupfer_Stahl-1-1024x557.jpg\" alt=\"\" class=\"wp-image-851\" srcset=\"https:\/\/jfcwatches.com\/wp-content\/uploads\/2022\/12\/S11_Kupfer_Stahl-1-1024x557.jpg 1024w, https:\/\/jfcwatches.com\/wp-content\/uploads\/2022\/12\/S11_Kupfer_Stahl-1-300x163.jpg 300w, https:\/\/jfcwatches.com\/wp-content\/uploads\/2022\/12\/S11_Kupfer_Stahl-1-768x418.jpg 768w, https:\/\/jfcwatches.com\/wp-content\/uploads\/2022\/12\/S11_Kupfer_Stahl-1-1536x836.jpg 1536w, https:\/\/jfcwatches.com\/wp-content\/uploads\/2022\/12\/S11_Kupfer_Stahl-1-367x200.jpg 367w, https:\/\/jfcwatches.com\/wp-content\/uploads\/2022\/12\/S11_Kupfer_Stahl-1.jpg 1920w\" sizes=\"auto, (max-width: 1024px) 100vw, 1024px\" \/><\/figure>\n<\/div><\/div>\n<\/div>\n\n\n\n<div style=\"height:50px\" aria-hidden=\"true\" class=\"wp-block-spacer\"><\/div>\n\n\n<div class=\"wp-block-image is-style-rounded\">\n<figure class=\"aligncenter size-large\"><img loading=\"lazy\" decoding=\"async\" width=\"1024\" height=\"783\" src=\"https:\/\/jfcwatches.com\/wp-content\/uploads\/2022\/12\/JFC-S11_Oberflaechen-1024x783.jpg\" alt=\"\" class=\"wp-image-843\" srcset=\"https:\/\/jfcwatches.com\/wp-content\/uploads\/2022\/12\/JFC-S11_Oberflaechen-1024x783.jpg 1024w, https:\/\/jfcwatches.com\/wp-content\/uploads\/2022\/12\/JFC-S11_Oberflaechen-300x229.jpg 300w, https:\/\/jfcwatches.com\/wp-content\/uploads\/2022\/12\/JFC-S11_Oberflaechen-768x587.jpg 768w, https:\/\/jfcwatches.com\/wp-content\/uploads\/2022\/12\/JFC-S11_Oberflaechen-1536x1175.jpg 1536w, https:\/\/jfcwatches.com\/wp-content\/uploads\/2022\/12\/JFC-S11_Oberflaechen-262x200.jpg 262w, https:\/\/jfcwatches.com\/wp-content\/uploads\/2022\/12\/JFC-S11_Oberflaechen.jpg 2048w\" sizes=\"auto, (max-width: 1024px) 100vw, 1024px\" \/><\/figure>\n<\/div>\n\n\n<div style=\"height:20px\" aria-hidden=\"true\" class=\"wp-block-spacer\"><\/div>\n\n\n\n<h2 class=\"has-text-align-center wp-block-heading\">Daten<\/h2>\n\n\n\n<p class=\"has-text-align-center\" style=\"font-size:12px\">Gewicht ohne Armband 90 Gramm<br>Material: 1.4571 Edelstahl<br><strong>Abmessungen (L * B * H)<\/strong><br>48mm * 38mm * 10mm<br><strong>Der Antrieb<\/strong><br>ETA 2824-2<br>Swiss Made<br><strong>Sonstiges<\/strong><br>Kratzfestes Saphirglas<br>Edelstahlverschraubung<br>10 ATM Wasserdicht <\/p>\n","protected":false},"excerpt":{"rendered":"<p>Die S1.1 &#8211; Zeitloses Design in Edelstahl Das dreiteilige Geh\u00e4use ist achtfach verschraubt, wasserdicht und resistent gegen\u00fcber extremen Umwelteinfl\u00fcssen. Das hochwertige Zifferblatt wird durch Saphir-Glas gesch\u00fctzt und kann nach Ihren eigenen Vorstellungen gestaltet werden. Nur was zuverl\u00e4ssig ist, darf in einer JFC-Watch verbaut werden. Deshalb setzen wir Schweizer Automatik-Laufwerke ein, &hellip;<\/p>\n","protected":false},"author":1,"featured_media":548,"parent":0,"menu_order":0,"comment_status":"closed","ping_status":"closed","template":"","meta":{"footnotes":""},"class_list":["post-12","page","type-page","status-publish","has-post-thumbnail","hentry"],"_links":{"self":[{"href":"https:\/\/jfcwatches.com\/index.php?rest_route=\/wp\/v2\/pages\/12","targetHints":{"allow":["GET"]}}],"collection":[{"href":"https:\/\/jfcwatches.com\/index.php?rest_route=\/wp\/v2\/pages"}],"about":[{"href":"https:\/\/jfcwatches.com\/index.php?rest_route=\/wp\/v2\/types\/page"}],"author":[{"embeddable":true,"href":"https:\/\/jfcwatches.com\/index.php?rest_route=\/wp\/v2\/users\/1"}],"replies":[{"embeddable":true,"href":"https:\/\/jfcwatches.com\/index.php?rest_route=%2Fwp%2Fv2%2Fcomments&post=12"}],"version-history":[{"count":68,"href":"https:\/\/jfcwatches.com\/index.php?rest_route=\/wp\/v2\/pages\/12\/revisions"}],"predecessor-version":[{"id":854,"href":"https:\/\/jfcwatches.com\/index.php?rest_route=\/wp\/v2\/pages\/12\/revisions\/854"}],"wp:featuredmedia":[{"embeddable":true,"href":"https:\/\/jfcwatches.com\/index.php?rest_route=\/wp\/v2\/media\/548"}],"wp:attachment":[{"href":"https:\/\/jfcwatches.com\/index.php?rest_route=%2Fwp%2Fv2%2Fmedia&parent=12"}],"curies":[{"name":"wp","href":"https:\/\/api.w.org\/{rel}","templated":true}]}}