{"id":127,"date":"2020-03-26T21:40:19","date_gmt":"2020-03-26T21:40:19","guid":{"rendered":"http:\/\/jfcwatches.com\/?page_id=127"},"modified":"2022-11-27T11:50:34","modified_gmt":"2022-11-27T11:50:34","slug":"impressum","status":"publish","type":"page","link":"https:\/\/jfcwatches.com\/?page_id=127","title":{"rendered":"Impressum"},"content":{"rendered":"\n<p><\/p>\n\n\n\n<h4 class=\"wp-block-heading\"><strong>Impressum <\/strong>&#8211; Anschrift<\/h4>\n\n\n\n<p>\n    JFC Watches<br>\n    Leverkusenstrasse 13 Haus E<br>\n    D- 22761 Hamburg<\/p>\n\n\n\n<h4 class=\"wp-block-heading\">Telefon<\/h4>\n\n\n\n<p>     Mobil: +49 (0)170- 48 35 42 9     <\/p>\n\n\n\n<h4 class=\"wp-block-heading\">E-Mail<\/h4>\n\n\n\n<p><a href=\"mailto:info@jfcwatches.de\">Mail: info[at]jfcwatches[dot]de<\/a><\/p>\n\n\n\n<h4 class=\"wp-block-heading\">Internet<\/h4>\n\n\n\n<p><a href=\"http:\/\/jfcwatches.de\/\">www.jfcwatches.de<\/a><\/p>\n\n\n\n<h4 class=\"wp-block-heading\">Umsatzsteuer-Identifikationsnummer gem\u00e4\u00df \u00a7 27a Umsatzsteuergesetz:<\/h4>\n\n\n\n<p>\n    DE 174926438\n    <\/p>\n\n\n\n<h4 class=\"wp-block-heading\">Haftungshinweis\n      auf die Verwendung von externen Links im Sinne des EGG vom 21.12.2001:<\/h4>\n\n\n\n<p>\n    In einigen Bereichen dieser Homepage verweisen wir zu Anschauungszwecken, beziehungsweise zu Zwecken der Verdeutlichung von Leistungen von Vision-IT, auf Homepages Dritter. Durch einen Klick auf diese externen Links verlassen Sie unsere Website. Trotz sorgf\u00e4ltiger inhaltlicher Kontrolle \u00fcbernehmen wir keine Haftung f\u00fcr die Inhalte externer Links. F\u00fcr den Inhalt der verlinkten Seiten sind ausschlie\u00dflich deren Betreiber verantwortlich.\n    <\/p>\n\n\n\n<h4 class=\"wp-block-heading\">Inhalt &amp; Programmierung<\/h4>\n\n\n\n<p><a href=\"http:\/\/www.becons.de\/\">Becker Consulting\n    \n    <\/a><\/p>\n\n\n\n<h3 class=\"wp-block-heading\">Hinweis<\/h3>\n\n\n\n<p>\n    Eine Verwertung aller Inhalte und Abbildungen, insbesondere durch Vervielf\u00e4ltigung oder Verbreitung, ist ohne vorherige schriftliche Zustimmung unzul\u00e4ssig und strafbar, soweit sich aus dem Urheberrechtsgesetz nichts anderes ergibt.<\/p>\n","protected":false},"excerpt":{"rendered":"<p>Impressum &#8211; Anschrift JFC Watches Leverkusenstrasse 13 Haus E D- 22761 Hamburg Telefon Mobil: +49 (0)170- 48 35 42 9 E-Mail Mail: info[at]jfcwatches[dot]de Internet www.jfcwatches.de Umsatzsteuer-Identifikationsnummer gem\u00e4\u00df \u00a7 27a Umsatzsteuergesetz: DE 174926438 Haftungshinweis auf die Verwendung von externen Links im Sinne des EGG vom 21.12.2001: In einigen Bereichen dieser Homepage &hellip;<\/p>\n","protected":false},"author":1,"featured_media":0,"parent":0,"menu_order":0,"comment_status":"closed","ping_status":"closed","template":"","meta":{"footnotes":""},"class_list":["post-127","page","type-page","status-publish","hentry"],"_links":{"self":[{"href":"https:\/\/jfcwatches.com\/index.php?rest_route=\/wp\/v2\/pages\/127","targetHints":{"allow":["GET"]}}],"collection":[{"href":"https:\/\/jfcwatches.com\/index.php?rest_route=\/wp\/v2\/pages"}],"about":[{"href":"https:\/\/jfcwatches.com\/index.php?rest_route=\/wp\/v2\/types\/page"}],"author":[{"embeddable":true,"href":"https:\/\/jfcwatches.com\/index.php?rest_route=\/wp\/v2\/users\/1"}],"replies":[{"embeddable":true,"href":"https:\/\/jfcwatches.com\/index.php?rest_route=%2Fwp%2Fv2%2Fcomments&post=127"}],"version-history":[{"count":3,"href":"https:\/\/jfcwatches.com\/index.php?rest_route=\/wp\/v2\/pages\/127\/revisions"}],"predecessor-version":[{"id":836,"href":"https:\/\/jfcwatches.com\/index.php?rest_route=\/wp\/v2\/pages\/127\/revisions\/836"}],"wp:attachment":[{"href":"https:\/\/jfcwatches.com\/index.php?rest_route=%2Fwp%2Fv2%2Fmedia&parent=127"}],"curies":[{"name":"wp","href":"https:\/\/api.w.org\/{rel}","templated":true}]}}