{"id":19,"date":"2020-03-22T17:20:44","date_gmt":"2020-03-22T17:20:44","guid":{"rendered":"http:\/\/jfcwatches.com\/?page_id=19"},"modified":"2022-01-09T14:30:08","modified_gmt":"2022-01-09T14:30:08","slug":"v1-1","status":"publish","type":"page","link":"https:\/\/jfcwatches.com\/?page_id=19","title":{"rendered":"V1.1"},"content":{"rendered":"\n<h2 class=\"has-text-align-center wp-block-heading\">Die V1.1 &#8211; Farbkonzept in Aluminium<\/h2>\n\n\n\n<div style=\"height:25px\" aria-hidden=\"true\" class=\"wp-block-spacer\"><\/div>\n\n\n\n<div class=\"wp-block-columns is-layout-flex wp-container-core-columns-is-layout-9d6595d7 wp-block-columns-is-layout-flex\">\n<div class=\"wp-block-column is-vertically-aligned-center is-layout-flow wp-block-column-is-layout-flow\">\n<p class=\"has-text-align-center\"> <strong>Aluminium<\/strong>&nbsp;hat sich in den letzten Jahrzehnten extrem ver\u00e4ndert, besonders in Bezug auf Stabilit\u00e4t und Robustheit. <\/p>\n\n\n\n<p class=\"has-text-align-center\">Das Material ist etwa ein <strong>Drittel leichter<\/strong> als Stahl, nahezu genauso fest, \u00e4u\u00dferst langlebig sowie sehr robust gegen\u00fcber Umwelteinfl\u00fcssen. <\/p>\n\n\n\n<p class=\"has-text-align-center\">Nicht ohne Grund wird Aluminium heute in der modernen Luft- und Raum- Fahrt, sowie Auto- und Fahrrad- Industrie eingesetzt. <\/p>\n<\/div>\n\n\n\n<div class=\"wp-block-column is-vertically-aligned-center is-layout-flow wp-block-column-is-layout-flow\">\n<div class=\"wp-block-image\"><figure class=\"aligncenter size-full\"><img loading=\"lazy\" decoding=\"async\" width=\"409\" height=\"480\" src=\"https:\/\/jfcwatches.com\/wp-content\/uploads\/2022\/01\/JFC_Watches_V11-9-2.jpg\" alt=\"\" class=\"wp-image-791\" srcset=\"https:\/\/jfcwatches.com\/wp-content\/uploads\/2022\/01\/JFC_Watches_V11-9-2.jpg 409w, https:\/\/jfcwatches.com\/wp-content\/uploads\/2022\/01\/JFC_Watches_V11-9-2-256x300.jpg 256w, https:\/\/jfcwatches.com\/wp-content\/uploads\/2022\/01\/JFC_Watches_V11-9-2-170x200.jpg 170w\" sizes=\"auto, (max-width: 409px) 100vw, 409px\" \/><\/figure><\/div>\n<\/div>\n<\/div>\n\n\n\n<div class=\"wp-block-columns are-vertically-aligned-center is-layout-flex wp-container-core-columns-is-layout-9d6595d7 wp-block-columns-is-layout-flex\">\n<div class=\"wp-block-column is-vertically-aligned-center is-layout-flow wp-block-column-is-layout-flow\">\n<p class=\"has-text-align-center\">Unser offenes <strong>Farbkonzept <\/strong>macht es m\u00f6glich, die Farbkombination deiner  <strong>V1.1 Aluminium <\/strong>frei zu w\u00e4hlen.  L\u00fcnette, Geh\u00e4usekern oder Boden k\u00f6nnen  in unterschiedlichen, lieferbaren Farben kombiniert werden.  <\/p>\n\n\n\n<p class=\"has-text-align-center\">Werden <strong>neue Designs<\/strong> f\u00fcr Krone, Zifferblatt oder Zeiger realisiert,  dann hast Du die M\u00f6glichkeit Deine V1.1 auf den neuesten Stand bringen  zu lassen.<\/p>\n<\/div>\n\n\n\n<div class=\"wp-block-column is-vertically-aligned-center is-layout-flow wp-block-column-is-layout-flow\">\n<div class=\"wp-block-image\"><figure class=\"aligncenter size-full\"><img loading=\"lazy\" decoding=\"async\" width=\"423\" height=\"480\" src=\"https:\/\/jfcwatches.com\/wp-content\/uploads\/2022\/01\/JFC_Watches_V11-7-2.jpg\" alt=\"\" class=\"wp-image-792\" srcset=\"https:\/\/jfcwatches.com\/wp-content\/uploads\/2022\/01\/JFC_Watches_V11-7-2.jpg 423w, https:\/\/jfcwatches.com\/wp-content\/uploads\/2022\/01\/JFC_Watches_V11-7-2-264x300.jpg 264w, https:\/\/jfcwatches.com\/wp-content\/uploads\/2022\/01\/JFC_Watches_V11-7-2-176x200.jpg 176w\" sizes=\"auto, (max-width: 423px) 100vw, 423px\" \/><\/figure><\/div>\n<\/div>\n<\/div>\n\n\n\n<div class=\"wp-block-image is-style-default\"><figure class=\"aligncenter size-full\"><img loading=\"lazy\" decoding=\"async\" width=\"1024\" height=\"402\" src=\"https:\/\/jfcwatches.com\/wp-content\/uploads\/2022\/01\/JFC_Watches_-1-1.jpg\" alt=\"\" class=\"wp-image-693\" srcset=\"https:\/\/jfcwatches.com\/wp-content\/uploads\/2022\/01\/JFC_Watches_-1-1.jpg 1024w, https:\/\/jfcwatches.com\/wp-content\/uploads\/2022\/01\/JFC_Watches_-1-1-300x118.jpg 300w, https:\/\/jfcwatches.com\/wp-content\/uploads\/2022\/01\/JFC_Watches_-1-1-768x302.jpg 768w, https:\/\/jfcwatches.com\/wp-content\/uploads\/2022\/01\/JFC_Watches_-1-1-509x200.jpg 509w, https:\/\/jfcwatches.com\/wp-content\/uploads\/2022\/01\/JFC_Watches_-1-1-512x200.jpg 512w\" sizes=\"auto, (max-width: 1024px) 100vw, 1024px\" \/><\/figure><\/div>\n\n\n\n<div style=\"height:20px\" aria-hidden=\"true\" class=\"wp-block-spacer\"><\/div>\n\n\n\n<h2 class=\"has-text-align-center wp-block-heading\">Daten<\/h2>\n\n\n\n<p class=\"has-text-align-center\" style=\"font-size:12px\">Gewicht ohne Armband 40 Gramm<br>Material: Aluminium aus der Luft- und Raumfahrt<br>UV-Best\u00e4ndig<br><strong>Abmessungen (L * B * H)<\/strong><br>48mm * 38mm * 10mm<br><strong>Der Antrieb<\/strong><br>ETA 2824-2<br>Swiss Made<br><strong>Sonstiges<\/strong><br>Kratzfestes Saphirglas<br>Edelstahlverschraubung<br>10 ATM Wasserdicht<\/p>\n","protected":false},"excerpt":{"rendered":"<p>Die V1.1 &#8211; Farbkonzept in Aluminium Aluminium&nbsp;hat sich in den letzten Jahrzehnten extrem ver\u00e4ndert, besonders in Bezug auf Stabilit\u00e4t und Robustheit. Das Material ist etwa ein Drittel leichter als Stahl, nahezu genauso fest, \u00e4u\u00dferst langlebig sowie sehr robust gegen\u00fcber Umwelteinfl\u00fcssen. Nicht ohne Grund wird Aluminium heute in der modernen Luft- &hellip;<\/p>\n","protected":false},"author":1,"featured_media":766,"parent":0,"menu_order":0,"comment_status":"closed","ping_status":"closed","template":"","meta":{"footnotes":""},"class_list":["post-19","page","type-page","status-publish","has-post-thumbnail","hentry"],"_links":{"self":[{"href":"https:\/\/jfcwatches.com\/index.php?rest_route=\/wp\/v2\/pages\/19","targetHints":{"allow":["GET"]}}],"collection":[{"href":"https:\/\/jfcwatches.com\/index.php?rest_route=\/wp\/v2\/pages"}],"about":[{"href":"https:\/\/jfcwatches.com\/index.php?rest_route=\/wp\/v2\/types\/page"}],"author":[{"embeddable":true,"href":"https:\/\/jfcwatches.com\/index.php?rest_route=\/wp\/v2\/users\/1"}],"replies":[{"embeddable":true,"href":"https:\/\/jfcwatches.com\/index.php?rest_route=%2Fwp%2Fv2%2Fcomments&post=19"}],"version-history":[{"count":52,"href":"https:\/\/jfcwatches.com\/index.php?rest_route=\/wp\/v2\/pages\/19\/revisions"}],"predecessor-version":[{"id":819,"href":"https:\/\/jfcwatches.com\/index.php?rest_route=\/wp\/v2\/pages\/19\/revisions\/819"}],"wp:featuredmedia":[{"embeddable":true,"href":"https:\/\/jfcwatches.com\/index.php?rest_route=\/wp\/v2\/media\/766"}],"wp:attachment":[{"href":"https:\/\/jfcwatches.com\/index.php?rest_route=%2Fwp%2Fv2%2Fmedia&parent=19"}],"curies":[{"name":"wp","href":"https:\/\/api.w.org\/{rel}","templated":true}]}}