{"id":98,"date":"2020-03-26T19:28:27","date_gmt":"2020-03-26T19:28:27","guid":{"rendered":"http:\/\/jfcwatches.com\/?page_id=98"},"modified":"2026-03-09T11:27:46","modified_gmt":"2026-03-09T11:27:46","slug":"jfc-watches","status":"publish","type":"page","link":"https:\/\/jfcwatches.com\/","title":{"rendered":"Zeitlose Unikate f\u00fcr Individualisten"},"content":{"rendered":"\n<h2 class=\"wp-block-heading has-text-align-center\">Einzelst\u00fccke, nur auf Anfrage<\/h2>\n\n\n\n<p class=\"has-text-align-center\">Mein <strong>Ziel <\/strong>war es, eine moderne Uhr in einem zeitlosen Design zu entwickeln, die \u00fcber extreme <strong>Nehmerqualit\u00e4ten <\/strong>verf\u00fcgt. Die <strong>Edelstahl-Version S1.1<\/strong> kann in unterschiedlichen Oberfl\u00e4chen-Finishs angeboten werden, ganz nach deinen W\u00fcnschen.<\/p>\n\n\n\n<div style=\"height:25px\" aria-hidden=\"true\" class=\"wp-block-spacer\"><\/div>\n\n\n\n<div class=\"wp-block-group\"><div class=\"wp-block-group__inner-container is-layout-flow wp-block-group-is-layout-flow\"><div class=\"n2-section-smartslider fitvidsignore \" data-ssid=\"3\" tabindex=\"0\" role=\"region\" aria-label=\"Slider\"><div id=\"n2-ss-3-align\" class=\"n2-ss-align\"><div class=\"n2-padding\"><div id=\"n2-ss-3\" data-creator=\"Smart Slider 3\" data-responsive=\"auto\" class=\"n2-ss-slider n2-ow n2-has-hover n2notransition  \"><div class=\"n2-ss-slider-wrapper-inside\">\n        <div class=\"n2-ss-slider-1 n2_ss__touch_element n2-ow\">\n            <div class=\"n2-ss-slider-2 n2-ow\">\n                                                <div class=\"n2-ss-slider-3 n2-ow\">\n\n                    <div class=\"n2-ss-slide-backgrounds n2-ow-all\"><div class=\"n2-ss-slide-background\" data-public-id=\"1\" data-mode=\"fill\"><div class=\"n2-ss-slide-background-image\" data-blur=\"0\" data-opacity=\"100\" data-x=\"35\" data-y=\"55\" data-alt=\"\" data-title=\"\" style=\"--ss-o-pos-x:35%;--ss-o-pos-y:55%\"><picture class=\"skip-lazy\" data-skip-lazy=\"1\"><img decoding=\"async\" src=\"\/\/jfcwatches.com\/wp-content\/uploads\/2021\/06\/V1_1withLTD-scaled.jpg\" alt=\"\" title=\"\" loading=\"lazy\" class=\"skip-lazy\" data-skip-lazy=\"1\"><\/picture><\/div><div data-color=\"RGBA(255,255,255,0)\" style=\"background-color: RGBA(255,255,255,0);\" class=\"n2-ss-slide-background-color\"><\/div><\/div><div class=\"n2-ss-slide-background\" data-public-id=\"2\" data-mode=\"fill\"><div class=\"n2-ss-slide-background-image\" data-blur=\"0\" data-opacity=\"100\" data-x=\"50\" data-y=\"50\" data-alt=\"\" data-title=\"\"><picture class=\"skip-lazy\" data-skip-lazy=\"1\"><img decoding=\"async\" src=\"\/\/jfcwatches.com\/wp-content\/uploads\/2020\/03\/JFC-ETA-2824-2-Top.jpg\" alt=\"\" title=\"\" loading=\"lazy\" class=\"skip-lazy\" data-skip-lazy=\"1\"><\/picture><\/div><div data-color=\"RGBA(255,255,255,0)\" style=\"background-color: RGBA(255,255,255,0);\" class=\"n2-ss-slide-background-color\"><\/div><\/div><div class=\"n2-ss-slide-background\" data-public-id=\"3\" data-mode=\"fill\"><div class=\"n2-ss-slide-background-image\" data-blur=\"0\" data-opacity=\"100\" data-x=\"50\" data-y=\"50\" data-alt=\"\" data-title=\"\"><picture class=\"skip-lazy\" data-skip-lazy=\"1\"><img decoding=\"async\" src=\"\/\/jfcwatches.com\/wp-content\/uploads\/2020\/03\/JFC_S11-Top-Detail.jpg\" alt=\"\" title=\"\" loading=\"lazy\" class=\"skip-lazy\" data-skip-lazy=\"1\"><\/picture><\/div><div data-color=\"RGBA(255,255,255,0)\" style=\"background-color: RGBA(255,255,255,0);\" class=\"n2-ss-slide-background-color\"><\/div><\/div><\/div>                    <div class=\"n2-ss-slider-4 n2-ow\">\n                        <svg xmlns=\"http:\/\/www.w3.org\/2000\/svg\" viewBox=\"0 0 1200 500\" data-related-device=\"desktopPortrait\" class=\"n2-ow n2-ss-preserve-size n2-ss-preserve-size--slider n2-ss-slide-limiter\"><\/svg><div data-first=\"1\" data-slide-duration=\"0\" data-id=\"28\" data-slide-public-id=\"1\" data-title=\"S1_1withLTD\" class=\"n2-ss-slide n2-ow  n2-ss-slide-28\"><div role=\"note\" class=\"n2-ss-slide--focus\" tabindex=\"-1\">S1_1withLTD<\/div><div class=\"n2-ss-layers-container n2-ss-slide-limiter n2-ow\"><div class=\"n2-ss-layer n2-ow n-uc-2DBo7i3N918e\" data-sstype=\"slide\" data-pm=\"default\"><\/div><\/div><\/div><div data-slide-duration=\"0\" data-id=\"15\" data-slide-public-id=\"2\" data-title=\"JFC ETA 2824-2 Top\" class=\"n2-ss-slide n2-ow  n2-ss-slide-15\"><div role=\"note\" class=\"n2-ss-slide--focus\" tabindex=\"-1\">JFC ETA 2824-2 Top<\/div><div class=\"n2-ss-layers-container n2-ss-slide-limiter n2-ow\"><div class=\"n2-ss-layer n2-ow n-uc-Rhysm40qvhQ5\" data-sstype=\"slide\" data-pm=\"default\"><\/div><\/div><\/div><div data-slide-duration=\"0\" data-id=\"12\" data-slide-public-id=\"3\" data-title=\"JFC_S11 Top Detail\" class=\"n2-ss-slide n2-ow  n2-ss-slide-12\"><div role=\"note\" class=\"n2-ss-slide--focus\" tabindex=\"-1\">JFC_S11 Top Detail<\/div><div class=\"n2-ss-layers-container n2-ss-slide-limiter n2-ow\"><div class=\"n2-ss-layer n2-ow n-uc-v0HiBBLQ6pab\" data-sstype=\"slide\" data-pm=\"default\"><\/div><\/div><\/div>                    <\/div>\n\n                                    <\/div>\n            <\/div>\n        <\/div>\n        <div class=\"n2-ss-slider-controls n2-ss-slider-controls-absolute-left-center\"><div style=\"--widget-offset:15px;\" class=\"n2-ss-widget nextend-arrow n2-ow-all nextend-arrow-previous  nextend-arrow-animated-fade\" data-hide-mobileportrait=\"1\" id=\"n2-ss-3-arrow-previous\" role=\"button\" aria-label=\"previous arrow\" tabindex=\"0\"><img loading=\"lazy\" decoding=\"async\" width=\"32\" height=\"32\" class=\"skip-lazy\" data-skip-lazy=\"1\" src=\"data:image\/svg+xml;base64,PHN2ZyB3aWR0aD0iMzIiIGhlaWdodD0iMzIiIHZpZXdCb3g9IjAgMCAzMiAzMiIgeG1sbnM9Imh0dHA6Ly93d3cudzMub3JnLzIwMDAvc3ZnIj4KICAgIDxwYXRoIGQ9Ik0xMS40MzMgMTUuOTkyTDIyLjY5IDUuNzEyYy4zOTMtLjM5LjM5My0xLjAzIDAtMS40Mi0uMzkzLS4zOS0xLjAzLS4zOS0xLjQyMyAwbC0xMS45OCAxMC45NGMtLjIxLjIxLS4zLjQ5LS4yODUuNzYtLjAxNS4yOC4wNzUuNTYuMjg0Ljc3bDExLjk4IDEwLjk0Yy4zOTMuMzkgMS4wMy4zOSAxLjQyNCAwIC4zOTMtLjQuMzkzLTEuMDMgMC0xLjQybC0xMS4yNTctMTAuMjkiCiAgICAgICAgICBmaWxsPSIjZmZmZmZmIiBvcGFjaXR5PSIwLjgiIGZpbGwtcnVsZT0iZXZlbm9kZCIvPgo8L3N2Zz4=\" alt=\"previous arrow\"><\/div><\/div><div class=\"n2-ss-slider-controls n2-ss-slider-controls-absolute-right-center\"><div style=\"--widget-offset:15px;\" class=\"n2-ss-widget nextend-arrow n2-ow-all nextend-arrow-next  nextend-arrow-animated-fade\" data-hide-mobileportrait=\"1\" id=\"n2-ss-3-arrow-next\" role=\"button\" aria-label=\"next arrow\" tabindex=\"0\"><img loading=\"lazy\" decoding=\"async\" width=\"32\" height=\"32\" class=\"skip-lazy\" data-skip-lazy=\"1\" src=\"data:image\/svg+xml;base64,PHN2ZyB3aWR0aD0iMzIiIGhlaWdodD0iMzIiIHZpZXdCb3g9IjAgMCAzMiAzMiIgeG1sbnM9Imh0dHA6Ly93d3cudzMub3JnLzIwMDAvc3ZnIj4KICAgIDxwYXRoIGQ9Ik0xMC43MjIgNC4yOTNjLS4zOTQtLjM5LTEuMDMyLS4zOS0xLjQyNyAwLS4zOTMuMzktLjM5MyAxLjAzIDAgMS40MmwxMS4yODMgMTAuMjgtMTEuMjgzIDEwLjI5Yy0uMzkzLjM5LS4zOTMgMS4wMiAwIDEuNDIuMzk1LjM5IDEuMDMzLjM5IDEuNDI3IDBsMTIuMDA3LTEwLjk0Yy4yMS0uMjEuMy0uNDkuMjg0LS43Ny4wMTQtLjI3LS4wNzYtLjU1LS4yODYtLjc2TDEwLjcyIDQuMjkzeiIKICAgICAgICAgIGZpbGw9IiNmZmZmZmYiIG9wYWNpdHk9IjAuOCIgZmlsbC1ydWxlPSJldmVub2RkIi8+Cjwvc3ZnPg==\" alt=\"next arrow\"><\/div><\/div><\/div><\/div><ss3-loader><\/ss3-loader><\/div><\/div><div class=\"n2_clear\"><\/div><\/div><\/div><\/div>\n\n\n\n<div style=\"height:20px\" aria-hidden=\"true\" class=\"wp-block-spacer\"><\/div>\n\n\n\n<hr class=\"wp-block-separator has-css-opacity is-style-wide\"\/>\n\n\n\n<h2 class=\"wp-block-heading has-text-align-center\">Das V1.1 Farbkonzept<\/h2>\n\n\n\n<p class=\"has-text-align-center\">Das offene <strong>Farbkonzept <\/strong>macht es dir m\u00f6glich, die Farbkombination deiner  <strong>V1.1 Aluminium<\/strong> frei zu w\u00e4hlen. L\u00fcnette, Geh\u00e4usekern oder Boden, k\u00f6nnen  in unterschiedlichen, lieferbaren Farben kombiniert werden. <\/p>\n\n\n\n<div style=\"height:25px\" aria-hidden=\"true\" class=\"wp-block-spacer\"><\/div>\n\n\n<div class=\"wp-block-image\">\n<figure class=\"aligncenter size-full\"><img loading=\"lazy\" decoding=\"async\" width=\"1024\" height=\"402\" src=\"https:\/\/jfcwatches.com\/wp-content\/uploads\/2022\/01\/JFC_Watches_-1.jpg\" alt=\"\" class=\"wp-image-681\" srcset=\"https:\/\/jfcwatches.com\/wp-content\/uploads\/2022\/01\/JFC_Watches_-1.jpg 1024w, https:\/\/jfcwatches.com\/wp-content\/uploads\/2022\/01\/JFC_Watches_-1-300x118.jpg 300w, https:\/\/jfcwatches.com\/wp-content\/uploads\/2022\/01\/JFC_Watches_-1-768x302.jpg 768w, https:\/\/jfcwatches.com\/wp-content\/uploads\/2022\/01\/JFC_Watches_-1-509x200.jpg 509w, https:\/\/jfcwatches.com\/wp-content\/uploads\/2022\/01\/JFC_Watches_-1-512x200.jpg 512w\" sizes=\"auto, (max-width: 1024px) 100vw, 1024px\" \/><\/figure>\n<\/div>\n\n\n<hr class=\"wp-block-separator has-css-opacity is-style-wide\"\/>\n\n\n\n<div class=\"wp-block-group\"><div class=\"wp-block-group__inner-container is-layout-flow wp-block-group-is-layout-flow\"><\/div><\/div>\n\n\n\n<h2 class=\"wp-block-heading has-text-align-center\">Oberstes Gebot &#8211; Zuverl\u00e4ssigkeit<\/h2>\n\n\n\n<p class=\"has-text-align-center\">Keine Experimente bei <strong>Zuverl\u00e4ssigkeit <\/strong>und <strong>Langzeithaltbarkeit<\/strong>.  Das optimale Laufwerk f\u00fcr die <strong>JFC Watches <\/strong>ist das legend\u00e4re <strong>ETA 2824-2<\/strong>.  Das <strong>Zifferblatt<\/strong>, schlicht wie die Uhr, ist von h\u00f6chster Fertigungsqualit\u00e4t und wird von <strong>kratzfesten Saphirglas<\/strong> gesch\u00fctzt.<\/p>\n\n\n\n<div style=\"height:25px\" aria-hidden=\"true\" class=\"wp-block-spacer\"><\/div>\n\n\n<div class=\"wp-block-image is-style-rounded\">\n<figure class=\"aligncenter size-large\"><img loading=\"lazy\" decoding=\"async\" width=\"1024\" height=\"500\" src=\"https:\/\/jfcwatches.com\/wp-content\/uploads\/2020\/03\/JFCWatch-2824-2-1024x500.jpg\" alt=\"\" class=\"wp-image-38\" srcset=\"https:\/\/jfcwatches.com\/wp-content\/uploads\/2020\/03\/JFCWatch-2824-2-1024x500.jpg 1024w, https:\/\/jfcwatches.com\/wp-content\/uploads\/2020\/03\/JFCWatch-2824-2-300x147.jpg 300w, https:\/\/jfcwatches.com\/wp-content\/uploads\/2020\/03\/JFCWatch-2824-2-768x375.jpg 768w, https:\/\/jfcwatches.com\/wp-content\/uploads\/2020\/03\/JFCWatch-2824-2-1536x750.jpg 1536w, https:\/\/jfcwatches.com\/wp-content\/uploads\/2020\/03\/JFCWatch-2824-2.jpg 1920w\" sizes=\"auto, (max-width: 1024px) 100vw, 1024px\" \/><\/figure>\n<\/div>\n\n\n<hr class=\"wp-block-separator has-text-color has-very-dark-gray-color has-css-opacity has-very-dark-gray-background-color has-background is-style-wide\"\/>\n\n\n\n<h2 class=\"wp-block-heading has-text-align-center\">Bauteile-Updates <\/h2>\n\n\n\n<p class=\"has-text-align-center\">Ich bin st\u00e4ndig dabei die JFC Zeitmesser zu optimieren. Aus diesem Grund biete ich meinen Kunden einen Bauteile-Update-Service an. Werden neue <strong>Designs <\/strong>f\u00fcr Krone, Zifferblatt oder Zeiger realisiert,  dann hast Du  die M\u00f6glichkeit Deine <strong>JFC Watch<\/strong> auf den neuesten Stand bringen  zu lassen. <\/p>\n\n\n\n<div style=\"height:20px\" aria-hidden=\"true\" class=\"wp-block-spacer\"><\/div>\n\n\n\n<hr class=\"wp-block-separator has-text-color has-very-dark-gray-color has-css-opacity has-very-dark-gray-background-color has-background is-style-wide\"\/>\n\n\n\n<h2 class=\"wp-block-heading has-text-align-center\">Prototyping<\/h2>\n\n\n\n<div style=\"height:20px\" aria-hidden=\"true\" class=\"wp-block-spacer\"><\/div>\n\n\n\n<p class=\"has-text-align-center\">Die fluoreszierende <strong>P1.1<\/strong> ist ein <strong>Prototyp, <\/strong>es bleibt spannend.<\/p>\n\n\n<div class=\"wp-block-image is-style-rounded\">\n<figure class=\"aligncenter size-medium\"><img loading=\"lazy\" decoding=\"async\" width=\"300\" height=\"300\" src=\"https:\/\/jfcwatches.com\/wp-content\/uploads\/2020\/04\/JFC_P11-PLA-Night-300x300.jpg\" alt=\"\" class=\"wp-image-362\" srcset=\"https:\/\/jfcwatches.com\/wp-content\/uploads\/2020\/04\/JFC_P11-PLA-Night-300x300.jpg 300w, https:\/\/jfcwatches.com\/wp-content\/uploads\/2020\/04\/JFC_P11-PLA-Night-1024x1020.jpg 1024w, https:\/\/jfcwatches.com\/wp-content\/uploads\/2020\/04\/JFC_P11-PLA-Night-150x150.jpg 150w, https:\/\/jfcwatches.com\/wp-content\/uploads\/2020\/04\/JFC_P11-PLA-Night-768x765.jpg 768w, https:\/\/jfcwatches.com\/wp-content\/uploads\/2020\/04\/JFC_P11-PLA-Night.jpg 1197w\" sizes=\"auto, (max-width: 300px) 100vw, 300px\" \/><\/figure>\n<\/div>\n\n\n<hr class=\"wp-block-separator has-text-color has-very-dark-gray-color has-css-opacity has-very-dark-gray-background-color has-background is-style-wide\"\/>\n\n\n\n<p class=\"has-text-align-center\"><strong>Planung, Konstruktion und Produktion<\/strong><\/p>\n\n\n\n<h4 class=\"wp-block-heading has-text-align-center\"> MADE in HAMBURG <\/h4>\n\n\n<div class=\"wp-block-image\">\n<figure class=\"aligncenter size-large is-resized\"><img loading=\"lazy\" decoding=\"async\" width=\"200\" height=\"198\" src=\"https:\/\/jfcwatches.com\/wp-content\/uploads\/2020\/03\/JFC-Logo.png\" alt=\"\" class=\"wp-image-151\" style=\"width:119px;height:118px\" srcset=\"https:\/\/jfcwatches.com\/wp-content\/uploads\/2020\/03\/JFC-Logo.png 200w, https:\/\/jfcwatches.com\/wp-content\/uploads\/2020\/03\/JFC-Logo-150x150.png 150w\" sizes=\"auto, (max-width: 200px) 100vw, 200px\" \/><\/figure>\n<\/div>","protected":false},"excerpt":{"rendered":"<p>Einzelst\u00fccke, nur auf Anfrage Mein Ziel war es, eine moderne Uhr in einem zeitlosen Design zu entwickeln, die \u00fcber extreme Nehmerqualit\u00e4ten verf\u00fcgt. Die Edelstahl-Version S1.1 kann in unterschiedlichen Oberfl\u00e4chen-Finishs angeboten werden, ganz nach deinen W\u00fcnschen. Das V1.1 Farbkonzept Das offene Farbkonzept macht es dir m\u00f6glich, die Farbkombination deiner V1.1 Aluminium &hellip;<\/p>\n","protected":false},"author":1,"featured_media":0,"parent":0,"menu_order":0,"comment_status":"closed","ping_status":"closed","template":"","meta":{"footnotes":""},"class_list":["post-98","page","type-page","status-publish","hentry"],"_links":{"self":[{"href":"https:\/\/jfcwatches.com\/index.php?rest_route=\/wp\/v2\/pages\/98","targetHints":{"allow":["GET"]}}],"collection":[{"href":"https:\/\/jfcwatches.com\/index.php?rest_route=\/wp\/v2\/pages"}],"about":[{"href":"https:\/\/jfcwatches.com\/index.php?rest_route=\/wp\/v2\/types\/page"}],"author":[{"embeddable":true,"href":"https:\/\/jfcwatches.com\/index.php?rest_route=\/wp\/v2\/users\/1"}],"replies":[{"embeddable":true,"href":"https:\/\/jfcwatches.com\/index.php?rest_route=%2Fwp%2Fv2%2Fcomments&post=98"}],"version-history":[{"count":148,"href":"https:\/\/jfcwatches.com\/index.php?rest_route=\/wp\/v2\/pages\/98\/revisions"}],"predecessor-version":[{"id":890,"href":"https:\/\/jfcwatches.com\/index.php?rest_route=\/wp\/v2\/pages\/98\/revisions\/890"}],"wp:attachment":[{"href":"https:\/\/jfcwatches.com\/index.php?rest_route=%2Fwp%2Fv2%2Fmedia&parent=98"}],"curies":[{"name":"wp","href":"https:\/\/api.w.org\/{rel}","templated":true}]}}